{"id":2122,"date":"2020-06-14T22:16:00","date_gmt":"2020-06-14T21:16:00","guid":{"rendered":"https:\/\/lotheferie.snitt.demo1.no\/die-gastgeber\/"},"modified":"2020-06-16T11:02:18","modified_gmt":"2020-06-16T10:02:18","slug":"die-gastgeber","status":"publish","type":"page","link":"https:\/\/lotheferie.no\/de\/die-gastgeber\/","title":{"rendered":"Die Gastgeber"},"content":{"rendered":"\t\t<div data-elementor-type=\"wp-page\" data-elementor-id=\"2122\" class=\"elementor elementor-2122 elementor-1063\" data-elementor-post-type=\"page\">\n\t\t\t\t\t\t<section class=\"elementor-section elementor-top-section elementor-element elementor-element-756a985 elementor-section-boxed elementor-section-height-default elementor-section-height-default\" data-id=\"756a985\" data-element_type=\"section\" data-e-type=\"section\">\n\t\t\t\t\t\t<div class=\"elementor-container elementor-column-gap-default\">\n\t\t\t\t\t<div class=\"elementor-column elementor-col-50 elementor-top-column elementor-element elementor-element-4c0346d\" data-id=\"4c0346d\" data-element_type=\"column\" data-e-type=\"column\">\n\t\t\t<div class=\"elementor-widget-wrap elementor-element-populated\">\n\t\t\t\t\t\t<div class=\"elementor-element elementor-element-09f3826 elementor-widget elementor-widget-spacer\" data-id=\"09f3826\" data-element_type=\"widget\" data-e-type=\"widget\" data-widget_type=\"spacer.default\">\n\t\t\t\t<div class=\"elementor-widget-container\">\n\t\t\t\t\t\t\t<div class=\"elementor-spacer\">\n\t\t\t<div class=\"elementor-spacer-inner\"><\/div>\n\t\t<\/div>\n\t\t\t\t\t\t<\/div>\n\t\t\t\t<\/div>\n\t\t\t\t<div class=\"elementor-element elementor-element-d151dfb elementor-widget elementor-widget-image\" data-id=\"d151dfb\" data-element_type=\"widget\" data-e-type=\"widget\" data-widget_type=\"image.default\">\n\t\t\t\t<div class=\"elementor-widget-container\">\n\t\t\t\t\t\t\t\t\t\t\t\t\t\t\t<img fetchpriority=\"high\" decoding=\"async\" width=\"727\" height=\"1030\" src=\"https:\/\/lotheferie.no\/wp-content\/uploads\/2020\/05\/20180902_163352-scaled-e1590243294386-727x1030.jpg\" class=\"attachment-large size-large wp-image-1937\" alt=\"\" srcset=\"https:\/\/lotheferie.no\/wp-content\/uploads\/2020\/05\/20180902_163352-scaled-e1590243294386-727x1030.jpg 727w, https:\/\/lotheferie.no\/wp-content\/uploads\/2020\/05\/20180902_163352-scaled-e1590243294386-212x300.jpg 212w, https:\/\/lotheferie.no\/wp-content\/uploads\/2020\/05\/20180902_163352-scaled-e1590243294386-768x1089.jpg 768w, https:\/\/lotheferie.no\/wp-content\/uploads\/2020\/05\/20180902_163352-scaled-e1590243294386-1084x1536.jpg 1084w, https:\/\/lotheferie.no\/wp-content\/uploads\/2020\/05\/20180902_163352-scaled-e1590243294386.jpg 1440w\" sizes=\"(max-width: 727px) 100vw, 727px\" \/>\t\t\t\t\t\t\t\t\t\t\t\t\t\t\t<\/div>\n\t\t\t\t<\/div>\n\t\t\t\t\t<\/div>\n\t\t<\/div>\n\t\t\t\t<div class=\"elementor-column elementor-col-50 elementor-top-column elementor-element elementor-element-4480a8b\" data-id=\"4480a8b\" data-element_type=\"column\" data-e-type=\"column\">\n\t\t\t<div class=\"elementor-widget-wrap elementor-element-populated\">\n\t\t\t\t\t\t<div class=\"elementor-element elementor-element-582b703 elementor-widget elementor-widget-spacer\" data-id=\"582b703\" data-element_type=\"widget\" data-e-type=\"widget\" data-widget_type=\"spacer.default\">\n\t\t\t\t<div class=\"elementor-widget-container\">\n\t\t\t\t\t\t\t<div class=\"elementor-spacer\">\n\t\t\t<div class=\"elementor-spacer-inner\"><\/div>\n\t\t<\/div>\n\t\t\t\t\t\t<\/div>\n\t\t\t\t<\/div>\n\t\t\t\t<div class=\"elementor-element elementor-element-3729860 elementor-widget elementor-widget-heading\" data-id=\"3729860\" data-element_type=\"widget\" data-e-type=\"widget\" data-widget_type=\"heading.default\">\n\t\t\t\t<div class=\"elementor-widget-container\">\n\t\t\t\t\t<h2 class=\"elementor-heading-title elementor-size-default\">Gastgeber<\/h2>\t\t\t\t<\/div>\n\t\t\t\t<\/div>\n\t\t\t\t<div class=\"elementor-element elementor-element-0a1c288 elementor-widget elementor-widget-text-editor\" data-id=\"0a1c288\" data-element_type=\"widget\" data-e-type=\"widget\" data-widget_type=\"text-editor.default\">\n\t\t\t\t<div class=\"elementor-widget-container\">\n\t\t\t\t\t\t\t\t\t<p>Hallo und herzlich willkommen bei Lothe Feriehytter.<br>Unser Bauernhof hei\u00dft Seljehaugen (Weidenh\u00fcgel). Wir betrieben einer Obstplantage und H\u00fcttenvermietung. Das milde Klima, gepr\u00e4gt durch den Golfstrom eignet sich f\u00fcr Obstanbau (\u00c4pfel und Pflaumen)<br>Ab 1990 haben Mette und Tore Rams\u00f8y die Ferienh\u00fctten gebaut und den Bauernhof bewirtschaftet.&nbsp;Jan Helge Rams\u00f8y und Caroline Dahl-Hansen hat 2018 das Unternehmen \u00fcbernommen<br>Wir sprechen deutsch und stehen f\u00fcr Fragen jederzeit gern f\u00fcr zur Verf\u00fcgung<\/p>\n<p>Kontakt Informationen:<br>Tlf:&nbsp;<a href=\"http:\/\/tel:004797525418\" target=\"_blank\" rel=\"noopener\">0047-97525418<\/a> &nbsp; &nbsp; &nbsp;Jan Helge&nbsp; (Englisch, Norwegisch)<br>Tlf:&nbsp;<a href=\"http:\/\/tel:004797584019\" target=\"_blank\" rel=\"noopener\">0047-97584019<\/a> &nbsp; &nbsp; &nbsp;Mette&nbsp; &nbsp; &nbsp; &nbsp; (Englisch, Deutsch, Norwegisch)<br>Tlf:&nbsp;<a href=\"http:\/\/tel:91842011\" target=\"_blank\" rel=\"noopener\">0047-91842011<\/a>&nbsp; &nbsp; &nbsp; &nbsp;Tore&nbsp; &nbsp; &nbsp; &nbsp; &nbsp; (Englisch, Deutsch, Norwegisch)<\/p>\n<p>Email: <a href=\"mailto:post@lotheferie.no\" target=\"_blank\" rel=\"noopener\">post@lotheferie.no<\/a><br>Adresse: Fjordavegen 4732, 5778 UTNE, Norwegen<\/p>\t\t\t\t\t\t\t\t<\/div>\n\t\t\t\t<\/div>\n\t\t\t\t\t<\/div>\n\t\t<\/div>\n\t\t\t\t\t<\/div>\n\t\t<\/section>\n\t\t\t\t<section class=\"elementor-section elementor-top-section elementor-element elementor-element-eec54de elementor-section-boxed elementor-section-height-default elementor-section-height-default\" data-id=\"eec54de\" data-element_type=\"section\" data-e-type=\"section\">\n\t\t\t\t\t\t<div class=\"elementor-container elementor-column-gap-default\">\n\t\t\t\t\t<div class=\"elementor-column elementor-col-100 elementor-top-column elementor-element elementor-element-06f6ca9\" data-id=\"06f6ca9\" data-element_type=\"column\" data-e-type=\"column\">\n\t\t\t<div class=\"elementor-widget-wrap elementor-element-populated\">\n\t\t\t\t\t\t<div class=\"elementor-element elementor-element-c97a6f5 elementor-widget elementor-widget-google_maps\" data-id=\"c97a6f5\" data-element_type=\"widget\" data-e-type=\"widget\" data-widget_type=\"google_maps.default\">\n\t\t\t\t<div class=\"elementor-widget-container\">\n\t\t\t\t\t\t\t<div class=\"elementor-custom-embed\">\n\t\t\t<iframe loading=\"lazy\"\n\t\t\t\t\tsrc=\"https:\/\/maps.google.com\/maps?q=lothe%20feri&#038;t=m&#038;z=10&#038;output=embed&#038;iwloc=near\"\n\t\t\t\t\ttitle=\"lothe feri\"\n\t\t\t\t\taria-label=\"lothe feri\"\n\t\t\t><\/iframe>\n\t\t<\/div>\n\t\t\t\t\t\t<\/div>\n\t\t\t\t<\/div>\n\t\t\t\t<div class=\"elementor-element elementor-element-e274c88 elementor-widget elementor-widget-spacer\" data-id=\"e274c88\" data-element_type=\"widget\" data-e-type=\"widget\" data-widget_type=\"spacer.default\">\n\t\t\t\t<div class=\"elementor-widget-container\">\n\t\t\t\t\t\t\t<div class=\"elementor-spacer\">\n\t\t\t<div class=\"elementor-spacer-inner\"><\/div>\n\t\t<\/div>\n\t\t\t\t\t\t<\/div>\n\t\t\t\t<\/div>\n\t\t\t\t\t<\/div>\n\t\t<\/div>\n\t\t\t\t\t<\/div>\n\t\t<\/section>\n\t\t\t\t<section class=\"elementor-section elementor-top-section elementor-element elementor-element-c0f6625 elementor-section-boxed elementor-section-height-default elementor-section-height-default\" data-id=\"c0f6625\" data-element_type=\"section\" data-e-type=\"section\">\n\t\t\t\t\t\t<div class=\"elementor-container elementor-column-gap-default\">\n\t\t\t\t\t<div class=\"elementor-column elementor-col-100 elementor-top-column elementor-element elementor-element-dc2d633\" data-id=\"dc2d633\" data-element_type=\"column\" data-e-type=\"column\">\n\t\t\t<div class=\"elementor-widget-wrap elementor-element-populated\">\n\t\t\t\t\t\t<div class=\"elementor-element elementor-element-d803f70 elementor-widget elementor-widget-spacer\" data-id=\"d803f70\" data-element_type=\"widget\" data-e-type=\"widget\" data-widget_type=\"spacer.default\">\n\t\t\t\t<div class=\"elementor-widget-container\">\n\t\t\t\t\t\t\t<div class=\"elementor-spacer\">\n\t\t\t<div class=\"elementor-spacer-inner\"><\/div>\n\t\t<\/div>\n\t\t\t\t\t\t<\/div>\n\t\t\t\t<\/div>\n\t\t\t\t\t<\/div>\n\t\t<\/div>\n\t\t\t\t\t<\/div>\n\t\t<\/section>\n\t\t\t\t<\/div>\n\t\t","protected":false},"excerpt":{"rendered":"<p>Gastgeber Hallo und herzlich willkommen bei Lothe Feriehytter.Unser Bauernhof hei\u00dft Seljehaugen (Weidenh\u00fcgel). Wir betrieben einer Obstplantage und H\u00fcttenvermietung. Das milde Klima, gepr\u00e4gt durch den Golfstrom eignet sich f\u00fcr Obstanbau (\u00c4pfel und Pflaumen)Ab 1990 haben Mette und Tore Rams\u00f8y die Ferienh\u00fctten gebaut und den Bauernhof bewirtschaftet.&nbsp;Jan Helge Rams\u00f8y und Caroline Dahl-Hansen hat 2018 das Unternehmen \u00fcbernommenWir [&hellip;]<\/p>\n","protected":false},"author":4,"featured_media":0,"parent":0,"menu_order":0,"comment_status":"closed","ping_status":"closed","template":"","meta":{"site-sidebar-layout":"no-sidebar","site-content-layout":"page-builder","ast-site-content-layout":"default","site-content-style":"default","site-sidebar-style":"default","ast-global-header-display":"","ast-banner-title-visibility":"","ast-main-header-display":"","ast-hfb-above-header-display":"","ast-hfb-below-header-display":"","ast-hfb-mobile-header-display":"","site-post-title":"disabled","ast-breadcrumbs-content":"","ast-featured-img":"disabled","footer-sml-layout":"","ast-disable-related-posts":"","theme-transparent-header-meta":"default","adv-header-id-meta":"","stick-header-meta":"","header-above-stick-meta":"","header-main-stick-meta":"","header-below-stick-meta":"","astra-migrate-meta-layouts":"default","ast-page-background-enabled":"default","ast-page-background-meta":{"desktop":{"background-color":"","background-image":"","background-repeat":"repeat","background-position":"center center","background-size":"auto","background-attachment":"scroll","background-type":"","background-media":"","overlay-type":"","overlay-color":"","overlay-opacity":"","overlay-gradient":""},"tablet":{"background-color":"","background-image":"","background-repeat":"repeat","background-position":"center center","background-size":"auto","background-attachment":"scroll","background-type":"","background-media":"","overlay-type":"","overlay-color":"","overlay-opacity":"","overlay-gradient":""},"mobile":{"background-color":"","background-image":"","background-repeat":"repeat","background-position":"center center","background-size":"auto","background-attachment":"scroll","background-type":"","background-media":"","overlay-type":"","overlay-color":"","overlay-opacity":"","overlay-gradient":""}},"ast-content-background-meta":{"desktop":{"background-color":"var(--ast-global-color-5)","background-image":"","background-repeat":"repeat","background-position":"center center","background-size":"auto","background-attachment":"scroll","background-type":"","background-media":"","overlay-type":"","overlay-color":"","overlay-opacity":"","overlay-gradient":""},"tablet":{"background-color":"var(--ast-global-color-5)","background-image":"","background-repeat":"repeat","background-position":"center center","background-size":"auto","background-attachment":"scroll","background-type":"","background-media":"","overlay-type":"","overlay-color":"","overlay-opacity":"","overlay-gradient":""},"mobile":{"background-color":"var(--ast-global-color-5)","background-image":"","background-repeat":"repeat","background-position":"center center","background-size":"auto","background-attachment":"scroll","background-type":"","background-media":"","overlay-type":"","overlay-color":"","overlay-opacity":"","overlay-gradient":""}},"footnotes":""},"class_list":["post-2122","page","type-page","status-publish","hentry"],"yoast_head":"<!-- This site is optimized with the Yoast SEO plugin v27.4 - https:\/\/yoast.com\/product\/yoast-seo-wordpress\/ -->\n<title>Die Gastgeber - Lothe Feriehytter<\/title>\n<meta name=\"robots\" content=\"index, follow, max-snippet:-1, max-image-preview:large, max-video-preview:-1\" \/>\n<link rel=\"canonical\" href=\"https:\/\/lotheferie.no\/de\/die-gastgeber\/\" \/>\n<meta property=\"og:locale\" content=\"de_DE\" \/>\n<meta property=\"og:type\" content=\"article\" \/>\n<meta property=\"og:title\" content=\"Die Gastgeber - Lothe Feriehytter\" \/>\n<meta property=\"og:description\" content=\"Gastgeber Hallo und herzlich willkommen bei Lothe Feriehytter.Unser Bauernhof hei\u00dft Seljehaugen (Weidenh\u00fcgel). Wir betrieben einer Obstplantage und H\u00fcttenvermietung. Das milde Klima, gepr\u00e4gt durch den Golfstrom eignet sich f\u00fcr Obstanbau (\u00c4pfel und Pflaumen)Ab 1990 haben Mette und Tore Rams\u00f8y die Ferienh\u00fctten gebaut und den Bauernhof bewirtschaftet.&nbsp;Jan Helge Rams\u00f8y und Caroline Dahl-Hansen hat 2018 das Unternehmen \u00fcbernommenWir [&hellip;]\" \/>\n<meta property=\"og:url\" content=\"https:\/\/lotheferie.no\/de\/die-gastgeber\/\" \/>\n<meta property=\"og:site_name\" content=\"Lothe Feriehytter\" \/>\n<meta property=\"article:modified_time\" content=\"2020-06-16T10:02:18+00:00\" \/>\n<meta property=\"og:image\" content=\"https:\/\/lotheferie.snitt.demo1.no\/wp-content\/uploads\/2020\/05\/20180902_163352-scaled-e1590243294386-727x1030.jpg\" \/>\n<meta name=\"twitter:card\" content=\"summary_large_image\" \/>\n<meta name=\"twitter:label1\" content=\"Gesch\u00e4tzte Lesezeit\" \/>\n\t<meta name=\"twitter:data1\" content=\"1 Minute\" \/>\n<script type=\"application\/ld+json\" class=\"yoast-schema-graph\">{\"@context\":\"https:\\\/\\\/schema.org\",\"@graph\":[{\"@type\":\"WebPage\",\"@id\":\"https:\\\/\\\/lotheferie.no\\\/de\\\/die-gastgeber\\\/\",\"url\":\"https:\\\/\\\/lotheferie.no\\\/de\\\/die-gastgeber\\\/\",\"name\":\"Die Gastgeber - Lothe Feriehytter\",\"isPartOf\":{\"@id\":\"https:\\\/\\\/lotheferie.no\\\/#website\"},\"primaryImageOfPage\":{\"@id\":\"https:\\\/\\\/lotheferie.no\\\/de\\\/die-gastgeber\\\/#primaryimage\"},\"image\":{\"@id\":\"https:\\\/\\\/lotheferie.no\\\/de\\\/die-gastgeber\\\/#primaryimage\"},\"thumbnailUrl\":\"https:\\\/\\\/lotheferie.snitt.demo1.no\\\/wp-content\\\/uploads\\\/2020\\\/05\\\/20180902_163352-scaled-e1590243294386-727x1030.jpg\",\"datePublished\":\"2020-06-14T21:16:00+00:00\",\"dateModified\":\"2020-06-16T10:02:18+00:00\",\"breadcrumb\":{\"@id\":\"https:\\\/\\\/lotheferie.no\\\/de\\\/die-gastgeber\\\/#breadcrumb\"},\"inLanguage\":\"de-DE\",\"potentialAction\":[{\"@type\":\"ReadAction\",\"target\":[\"https:\\\/\\\/lotheferie.no\\\/de\\\/die-gastgeber\\\/\"]}]},{\"@type\":\"ImageObject\",\"inLanguage\":\"de-DE\",\"@id\":\"https:\\\/\\\/lotheferie.no\\\/de\\\/die-gastgeber\\\/#primaryimage\",\"url\":\"https:\\\/\\\/lotheferie.snitt.demo1.no\\\/wp-content\\\/uploads\\\/2020\\\/05\\\/20180902_163352-scaled-e1590243294386-727x1030.jpg\",\"contentUrl\":\"https:\\\/\\\/lotheferie.snitt.demo1.no\\\/wp-content\\\/uploads\\\/2020\\\/05\\\/20180902_163352-scaled-e1590243294386-727x1030.jpg\"},{\"@type\":\"BreadcrumbList\",\"@id\":\"https:\\\/\\\/lotheferie.no\\\/de\\\/die-gastgeber\\\/#breadcrumb\",\"itemListElement\":[{\"@type\":\"ListItem\",\"position\":1,\"name\":\"Hjem\",\"item\":\"https:\\\/\\\/lotheferie.no\\\/\"},{\"@type\":\"ListItem\",\"position\":2,\"name\":\"Die Gastgeber\"}]},{\"@type\":\"WebSite\",\"@id\":\"https:\\\/\\\/lotheferie.no\\\/#website\",\"url\":\"https:\\\/\\\/lotheferie.no\\\/\",\"name\":\"Lothe Feriehytter\",\"description\":\"Hytter ved Hardangerfjorden\",\"publisher\":{\"@id\":\"https:\\\/\\\/lotheferie.no\\\/#organization\"},\"potentialAction\":[{\"@type\":\"SearchAction\",\"target\":{\"@type\":\"EntryPoint\",\"urlTemplate\":\"https:\\\/\\\/lotheferie.no\\\/?s={search_term_string}\"},\"query-input\":{\"@type\":\"PropertyValueSpecification\",\"valueRequired\":true,\"valueName\":\"search_term_string\"}}],\"inLanguage\":\"de-DE\"},{\"@type\":\"Organization\",\"@id\":\"https:\\\/\\\/lotheferie.no\\\/#organization\",\"name\":\"Lothe Feriehytter\",\"url\":\"https:\\\/\\\/lotheferie.no\\\/\",\"logo\":{\"@type\":\"ImageObject\",\"inLanguage\":\"de-DE\",\"@id\":\"https:\\\/\\\/lotheferie.no\\\/#\\\/schema\\\/logo\\\/image\\\/\",\"url\":\"https:\\\/\\\/lotheferie.no\\\/wp-content\\\/uploads\\\/2020\\\/05\\\/Lothe-feriehytter-logo.svg\",\"contentUrl\":\"https:\\\/\\\/lotheferie.no\\\/wp-content\\\/uploads\\\/2020\\\/05\\\/Lothe-feriehytter-logo.svg\",\"caption\":\"Lothe Feriehytter\"},\"image\":{\"@id\":\"https:\\\/\\\/lotheferie.no\\\/#\\\/schema\\\/logo\\\/image\\\/\"}}]}<\/script>\n<!-- \/ Yoast SEO plugin. -->","yoast_head_json":{"title":"Die Gastgeber - Lothe Feriehytter","robots":{"index":"index","follow":"follow","max-snippet":"max-snippet:-1","max-image-preview":"max-image-preview:large","max-video-preview":"max-video-preview:-1"},"canonical":"https:\/\/lotheferie.no\/de\/die-gastgeber\/","og_locale":"de_DE","og_type":"article","og_title":"Die Gastgeber - Lothe Feriehytter","og_description":"Gastgeber Hallo und herzlich willkommen bei Lothe Feriehytter.Unser Bauernhof hei\u00dft Seljehaugen (Weidenh\u00fcgel). Wir betrieben einer Obstplantage und H\u00fcttenvermietung. Das milde Klima, gepr\u00e4gt durch den Golfstrom eignet sich f\u00fcr Obstanbau (\u00c4pfel und Pflaumen)Ab 1990 haben Mette und Tore Rams\u00f8y die Ferienh\u00fctten gebaut und den Bauernhof bewirtschaftet.&nbsp;Jan Helge Rams\u00f8y und Caroline Dahl-Hansen hat 2018 das Unternehmen \u00fcbernommenWir [&hellip;]","og_url":"https:\/\/lotheferie.no\/de\/die-gastgeber\/","og_site_name":"Lothe Feriehytter","article_modified_time":"2020-06-16T10:02:18+00:00","og_image":[{"url":"https:\/\/lotheferie.snitt.demo1.no\/wp-content\/uploads\/2020\/05\/20180902_163352-scaled-e1590243294386-727x1030.jpg","type":"","width":"","height":""}],"twitter_card":"summary_large_image","twitter_misc":{"Gesch\u00e4tzte Lesezeit":"1 Minute"},"schema":{"@context":"https:\/\/schema.org","@graph":[{"@type":"WebPage","@id":"https:\/\/lotheferie.no\/de\/die-gastgeber\/","url":"https:\/\/lotheferie.no\/de\/die-gastgeber\/","name":"Die Gastgeber - Lothe Feriehytter","isPartOf":{"@id":"https:\/\/lotheferie.no\/#website"},"primaryImageOfPage":{"@id":"https:\/\/lotheferie.no\/de\/die-gastgeber\/#primaryimage"},"image":{"@id":"https:\/\/lotheferie.no\/de\/die-gastgeber\/#primaryimage"},"thumbnailUrl":"https:\/\/lotheferie.snitt.demo1.no\/wp-content\/uploads\/2020\/05\/20180902_163352-scaled-e1590243294386-727x1030.jpg","datePublished":"2020-06-14T21:16:00+00:00","dateModified":"2020-06-16T10:02:18+00:00","breadcrumb":{"@id":"https:\/\/lotheferie.no\/de\/die-gastgeber\/#breadcrumb"},"inLanguage":"de-DE","potentialAction":[{"@type":"ReadAction","target":["https:\/\/lotheferie.no\/de\/die-gastgeber\/"]}]},{"@type":"ImageObject","inLanguage":"de-DE","@id":"https:\/\/lotheferie.no\/de\/die-gastgeber\/#primaryimage","url":"https:\/\/lotheferie.snitt.demo1.no\/wp-content\/uploads\/2020\/05\/20180902_163352-scaled-e1590243294386-727x1030.jpg","contentUrl":"https:\/\/lotheferie.snitt.demo1.no\/wp-content\/uploads\/2020\/05\/20180902_163352-scaled-e1590243294386-727x1030.jpg"},{"@type":"BreadcrumbList","@id":"https:\/\/lotheferie.no\/de\/die-gastgeber\/#breadcrumb","itemListElement":[{"@type":"ListItem","position":1,"name":"Hjem","item":"https:\/\/lotheferie.no\/"},{"@type":"ListItem","position":2,"name":"Die Gastgeber"}]},{"@type":"WebSite","@id":"https:\/\/lotheferie.no\/#website","url":"https:\/\/lotheferie.no\/","name":"Lothe Feriehytter","description":"Hytter ved Hardangerfjorden","publisher":{"@id":"https:\/\/lotheferie.no\/#organization"},"potentialAction":[{"@type":"SearchAction","target":{"@type":"EntryPoint","urlTemplate":"https:\/\/lotheferie.no\/?s={search_term_string}"},"query-input":{"@type":"PropertyValueSpecification","valueRequired":true,"valueName":"search_term_string"}}],"inLanguage":"de-DE"},{"@type":"Organization","@id":"https:\/\/lotheferie.no\/#organization","name":"Lothe Feriehytter","url":"https:\/\/lotheferie.no\/","logo":{"@type":"ImageObject","inLanguage":"de-DE","@id":"https:\/\/lotheferie.no\/#\/schema\/logo\/image\/","url":"https:\/\/lotheferie.no\/wp-content\/uploads\/2020\/05\/Lothe-feriehytter-logo.svg","contentUrl":"https:\/\/lotheferie.no\/wp-content\/uploads\/2020\/05\/Lothe-feriehytter-logo.svg","caption":"Lothe Feriehytter"},"image":{"@id":"https:\/\/lotheferie.no\/#\/schema\/logo\/image\/"}}]}},"_links":{"self":[{"href":"https:\/\/lotheferie.no\/de\/wp-json\/wp\/v2\/pages\/2122","targetHints":{"allow":["GET"]}}],"collection":[{"href":"https:\/\/lotheferie.no\/de\/wp-json\/wp\/v2\/pages"}],"about":[{"href":"https:\/\/lotheferie.no\/de\/wp-json\/wp\/v2\/types\/page"}],"author":[{"embeddable":true,"href":"https:\/\/lotheferie.no\/de\/wp-json\/wp\/v2\/users\/4"}],"replies":[{"embeddable":true,"href":"https:\/\/lotheferie.no\/de\/wp-json\/wp\/v2\/comments?post=2122"}],"version-history":[{"count":0,"href":"https:\/\/lotheferie.no\/de\/wp-json\/wp\/v2\/pages\/2122\/revisions"}],"wp:attachment":[{"href":"https:\/\/lotheferie.no\/de\/wp-json\/wp\/v2\/media?parent=2122"}],"curies":[{"name":"wp","href":"https:\/\/api.w.org\/{rel}","templated":true}]}}